{"id":690,"date":"2021-04-26T14:50:00","date_gmt":"2021-04-26T19:50:00","guid":{"rendered":"https:\/\/sebtake-out.devrouge.com\/politique-de-confidentialite\/"},"modified":"2023-09-22T10:54:01","modified_gmt":"2023-09-22T14:54:01","slug":"privacy-policy","status":"publish","type":"page","link":"https:\/\/sebtakeout.devrouge.com\/en\/privacy-policy\/","title":{"rendered":"Privacy Policy"},"content":{"rendered":"\t\t<div data-elementor-type=\"wp-page\" data-elementor-id=\"690\" class=\"elementor elementor-690 elementor-371\" data-elementor-post-type=\"page\">\n\t\t\t\t\t\t<section class=\"elementor-section elementor-top-section elementor-element elementor-element-0473009 elementor-section-full_width elementor-section-height-default elementor-section-height-default\" data-id=\"0473009\" data-element_type=\"section\" data-settings=\"{&quot;shape_divider_bottom&quot;:&quot;zigzag&quot;}\">\n\t\t\t\t\t<div class=\"elementor-shape elementor-shape-bottom\" aria-hidden=\"true\" data-negative=\"false\">\n\t\t\t<svg xmlns=\"http:\/\/www.w3.org\/2000\/svg\" viewBox=\"0 0 1800 5.8\" preserveAspectRatio=\"none\">\n  <path class=\"elementor-shape-fill\" d=\"M5.4.4l5.4 5.3L16.5.4l5.4 5.3L27.5.4 33 5.7 38.6.4l5.5 5.4h.1L49.9.4l5.4 5.3L60.9.4l5.5 5.3L72 .4l5.5 5.3L83.1.4l5.4 5.3L94.1.4l5.5 5.4h.2l5.6-5.4 5.5 5.3 5.6-5.3 5.4 5.3 5.6-5.3 5.5 5.3 5.6-5.3 5.5 5.4h.2l5.6-5.4 5.4 5.3L161 .4l5.4 5.3L172 .4l5.5 5.3 5.6-5.3 5.4 5.3 5.7-5.3 5.4 5.4h.2l5.6-5.4 5.5 5.3 5.6-5.3 5.5 5.3 5.6-5.3 5.4 5.3 5.6-5.3 5.5 5.4h.2l5.6-5.4 5.5 5.3L261 .4l5.4 5.3L272 .4l5.5 5.3 5.6-5.3 5.5 5.3 5.6-5.3 5.5 5.4h.1l5.7-5.4 5.4 5.3 5.6-5.3 5.5 5.3 5.6-5.3 5.4 5.3 5.7-5.3 5.4 5.4h.2l5.6-5.4 5.5 5.3L361 .4l5.5 5.3 5.6-5.3 5.4 5.3 5.6-5.3 5.5 5.3 5.6-5.3 5.5 5.4h.1l5.7-5.4 5.4 5.3 5.6-5.3 5.5 5.3 5.6-5.3 5.5 5.3 5.6-5.3 5.5 5.4h.1l5.6-5.4 5.5 5.3L461 .4l5.5 5.3 5.6-5.3 5.4 5.3 5.7-5.3 5.4 5.3 5.6-5.3 5.5 5.4h.2l5.6-5.4 5.5 5.3 5.6-5.3 5.4 5.3 5.6-5.3 5.5 5.3 5.6-5.3 5.5 5.4h.1L550 .4l5.4 5.3L561 .4l5.5 5.3 5.6-5.3 5.5 5.3 5.6-5.3 5.4 5.3 5.6-5.3 5.5 5.4h.2l5.6-5.4 5.5 5.3 5.6-5.3 5.4 5.3 5.7-5.3 5.4 5.3 5.6-5.3 5.5 5.4h.2L650 .4l5.5 5.3 5.6-5.3 5.4 5.3 5.6-5.3 5.5 5.3 5.6-5.3 5.5 5.3 5.6-5.3 5.4 5.4h.2l5.6-5.4 5.5 5.3 5.6-5.3 5.5 5.3 5.6-5.3 5.4 5.3 5.6-5.3 5.5 5.4h.2L750 .4l5.5 5.3 5.6-5.3 5.4 5.3 5.7-5.3 5.4 5.3 5.6-5.3 5.5 5.3 5.6-5.3 5.5 5.4h.1l5.7-5.4 5.4 5.3 5.6-5.3 5.5 5.3 5.6-5.3 5.5 5.3 5.6-5.3 5.4 5.4h.2L850 .4l5.5 5.3 5.6-5.3 5.5 5.3 5.6-5.3 5.4 5.3 5.6-5.3 5.5 5.3 5.6-5.3 5.5 5.4h.2l5.6-5.4 5.4 5.3 5.7-5.3 5.4 5.3 5.6-5.3 5.5 5.3 5.6-5.3 5.5 5.4h.1l5.7-5.4 5.4 5.3 5.6-5.3 5.5 5.3 5.6-5.3 5.5 5.3 5.6-5.3 5.4 5.3 5.6-5.3 5.5 5.4h.2l5.6-5.4 5.5 5.3 5.6-5.3 5.4 5.3 5.6-5.3 5.5 5.3 5.6-5.3 5.5 5.4h.2l5.6-5.4 5.4 5.3 5.7-5.3 5.4 5.3 5.6-5.3 5.5 5.3 5.6-5.3 5.5 5.3 5.6-5.3 5.4 5.4h.2l5.6-5.4 5.5 5.3 5.6-5.3 5.5 5.3 5.6-5.3 5.4 5.3 5.6-5.3 5.5 5.4h.2l5.6-5.4 5.5 5.3 5.6-5.3 5.4 5.3 5.6-5.3 5.5 5.3 5.6-5.3 5.5 5.3 5.6-5.3 5.5 5.4h.1l5.7-5.4 5.4 5.3 5.6-5.3 5.5 5.3 5.6-5.3 5.5 5.3 5.6-5.3 5.4 5.4h.2l5.6-5.4 5.5 5.3 5.6-5.3 5.5 5.3 5.6-5.3 5.4 5.3 5.6-5.3 5.5 5.3 5.6-5.3 5.5 5.4h.2l5.6-5.4 5.4 5.3 5.6-5.3 5.5 5.3 5.6-5.3 5.5 5.3 5.6-5.3 5.5 5.4h.1l5.7-5.4 5.4 5.3 5.6-5.3 5.5 5.3 5.6-5.3 5.5 5.3 5.6-5.3 5.4 5.3 5.6-5.3 5.5 5.4h.2l5.6-5.4 5.5 5.3 5.6-5.3 5.4 5.3 5.6-5.3 5.5 5.3 5.6-5.3 5.5 5.4h.2l5.6-5.4 5.4 5.3 5.6-5.3 5.5 5.3 5.6-5.3 5.5 5.3 5.6-5.3 5.4 5.3 5.7-5.3 5.4 5.4h.2l5.6-5.4 5.5 5.3 5.6-5.3 5.5 5.3 5.6-5.3 5.4 5.3 5.6-5.3 5.5 5.4h.2l5.6-5.4 5.5 5.3 5.6-5.3 5.4 5.3 5.6-5.3 5.5 5.3 5.6-5.3 5.5 5.3 5.6-5.3 5.5 5.4h.1l5.6-5.4 5.5 5.3 5.6-5.3 5.5 5.3 5.6-5.3 5.4 5.3 5.7-5.3 5.4 5.4h.2l5.6-5.4 5.5 5.3 5.6-5.3 5.5 5.3 5.6-5.3 5.4 5.3 5.6-5.3 5.5 5.3 5.6-5.3 5.5 5.4h.1l5.7-5.4 5.4 5.3 5.6-5.3 5.5 5.3 5.6-5.3 5.5 5.3 5.6-5.3 5.5 5.4h.1l5.6-5.4 5.5 5.3 5.6-5.3 5.5 5.3 5.6-5.3 5.4 5.3 5.7-5.3 5.4 5.3 5.6-5.3 5.5 5.4V0H-.2v5.8z\"\/>\n<\/svg>\n\t\t<\/div>\n\t\t\t\t\t<div class=\"elementor-container elementor-column-gap-no\">\n\t\t\t\t\t<div class=\"elementor-column elementor-col-100 elementor-top-column elementor-element elementor-element-d957cb0\" data-id=\"d957cb0\" data-element_type=\"column\">\n\t\t\t<div class=\"elementor-widget-wrap elementor-element-populated\">\n\t\t\t\t\t\t<div class=\"elementor-element elementor-element-190fdab elementor-hidden-phone elementor-widget elementor-widget-image\" data-id=\"190fdab\" data-element_type=\"widget\" data-widget_type=\"image.default\">\n\t\t\t\t<div class=\"elementor-widget-container\">\n\t\t\t\t\t\t\t\t\t\t\t\t\t\t\t<img fetchpriority=\"high\" decoding=\"async\" width=\"2000\" height=\"400\" src=\"https:\/\/sebtakeout.devrouge.com\/wp-content\/uploads\/2021\/04\/hero-default.jpg\" class=\"attachment-full size-full wp-image-686\" alt=\"\" srcset=\"https:\/\/sebtakeout.devrouge.com\/wp-content\/uploads\/2021\/04\/hero-default.jpg 2000w, https:\/\/sebtakeout.devrouge.com\/wp-content\/uploads\/2021\/04\/hero-default-300x60.jpg 300w, https:\/\/sebtakeout.devrouge.com\/wp-content\/uploads\/2021\/04\/hero-default-1024x205.jpg 1024w, https:\/\/sebtakeout.devrouge.com\/wp-content\/uploads\/2021\/04\/hero-default-768x154.jpg 768w, https:\/\/sebtakeout.devrouge.com\/wp-content\/uploads\/2021\/04\/hero-default-1536x307.jpg 1536w, https:\/\/sebtakeout.devrouge.com\/wp-content\/uploads\/2021\/04\/hero-default-600x120.jpg 600w\" sizes=\"(max-width: 2000px) 100vw, 2000px\" \/>\t\t\t\t\t\t\t\t\t\t\t\t\t\t\t<\/div>\n\t\t\t\t<\/div>\n\t\t\t\t<div class=\"elementor-element elementor-element-c8dc443 elementor-hidden-desktop elementor-hidden-tablet elementor-widget elementor-widget-image\" data-id=\"c8dc443\" data-element_type=\"widget\" data-widget_type=\"image.default\">\n\t\t\t\t<div class=\"elementor-widget-container\">\n\t\t\t\t\t\t\t\t\t\t\t\t\t\t\t<img decoding=\"async\" width=\"768\" height=\"400\" src=\"https:\/\/sebtakeout.devrouge.com\/wp-content\/uploads\/2021\/04\/hero-mobile.jpg\" class=\"attachment-full size-full wp-image-721\" alt=\"\" srcset=\"https:\/\/sebtakeout.devrouge.com\/wp-content\/uploads\/2021\/04\/hero-mobile.jpg 768w, https:\/\/sebtakeout.devrouge.com\/wp-content\/uploads\/2021\/04\/hero-mobile-300x156.jpg 300w, https:\/\/sebtakeout.devrouge.com\/wp-content\/uploads\/2021\/04\/hero-mobile-600x313.jpg 600w\" sizes=\"(max-width: 768px) 100vw, 768px\" \/>\t\t\t\t\t\t\t\t\t\t\t\t\t\t\t<\/div>\n\t\t\t\t<\/div>\n\t\t\t\t\t<\/div>\n\t\t<\/div>\n\t\t\t\t\t<\/div>\n\t\t<\/section>\n\t\t\t\t<section class=\"elementor-section elementor-top-section elementor-element elementor-element-3b48edd elementor-section-boxed elementor-section-height-default elementor-section-height-default\" data-id=\"3b48edd\" data-element_type=\"section\">\n\t\t\t\t\t\t<div class=\"elementor-container elementor-column-gap-default\">\n\t\t\t\t\t<div class=\"elementor-column elementor-col-100 elementor-top-column elementor-element elementor-element-a5b8134\" data-id=\"a5b8134\" data-element_type=\"column\">\n\t\t\t<div class=\"elementor-widget-wrap elementor-element-populated\">\n\t\t\t\t\t\t<div class=\"elementor-element elementor-element-6d53f52 elementor-widget elementor-widget-heading\" data-id=\"6d53f52\" data-element_type=\"widget\" data-widget_type=\"heading.default\">\n\t\t\t\t<div class=\"elementor-widget-container\">\n\t\t\t\t\t<h2 class=\"elementor-heading-title elementor-size-default\">Politique de confidentialit\u00e9<\/h2>\t\t\t\t<\/div>\n\t\t\t\t<\/div>\n\t\t\t\t<div class=\"elementor-element elementor-element-dd2ff1b elementor-widget elementor-widget-text-editor\" data-id=\"dd2ff1b\" data-element_type=\"widget\" data-widget_type=\"text-editor.default\">\n\t\t\t\t<div class=\"elementor-widget-container\">\n\t\t\t\t\t\t\t\t\t<h2><strong style=\"color: var( --e-global-color-text ); font-family: var( --e-global-typography-text-font-family ), Sans-serif; font-size: 1rem;\">Obtention de votre consentement<\/strong><\/h2><p>Nous nous assurons d\u2019avoir votre consentement avant de recueillir vos renseignements personnels.<\/p><p><strong>Limitation de notre collecte<\/strong><\/p><p>Nous recueillons seulement les renseignements qui sont n\u00e9cessaires pour assurer un service \u00e0 nos clients, remplir nos obligations envers nos employ\u00e9s et nos fournisseurs, ex\u00a0: pour une r\u00e9servation, pr\u00e9nom, nom, # t\u00e9l\u00e9phone et adresse courriel pour vous rejoindre.<\/p><p><strong>Maintien de la s\u00e9curit\u00e9 et la confidentialit\u00e9 de vos renseignements<\/strong><\/p><p>Nous veillons \u00e0 ce que les renseignements personnels soient conserv\u00e9s de fa\u00e7on s\u00e9curitaire et confidentielle en tout temps.<\/p><p><strong>Assurance de transparence dans nos activit\u00e9s concr\u00e8tes<\/strong><\/p><p>Nous traitons vos renseignements personnels en toute transparence en vous expliquant clairement pourquoi nous recueillons vos renseignements.<\/p><p><strong>Vos droits \u00e0 l\u2019\u00e9gard de vos renseignements<\/strong><\/p><p>Vous pouvez toujours consulter les renseignements personnels que nous d\u00e9tenons sur vous. Vous pouvez nous demander de les rectifier s\u2019ils contiennent une erreur, en vous adressant \u00e0 la responsable de la protection des renseignements personnels au sein de notre entreprise.<\/p><p><strong>Quels renseignements recueillons-nous?<\/strong><\/p><p>Les renseignements que nous recueillons d\u00e9pendent du produit ou du service demand\u00e9, ou des exigences de la loi. Nous conservons vos renseignements de fa\u00e7on s\u00e9curitaire et confidentielle gr\u00e2ce \u00e0 des mesures physiques, technologiques et administratives rigoureuses.<\/p><p>Notre personnel ainsi que nos fournisseurs externes ont acc\u00e8s seulement aux renseignements personnels dont ils ont besoin pour effectuer leurs t\u00e2ches.<\/p><p><b>Comment recueillons-nous vos renseignements?<\/b><\/p><ul><li>directement aupr\u00e8s de vous (ex. : lors de la prise de r\u00e9servation par appel t\u00e9l\u00e9phonique et courriels)<\/li><li>LIBRO o\u00f9 vous devez cocher ce texte pour r\u00e9server :<br \/>\u00ab Je consens au transfert de mes donn\u00e9es \u00e0 sEb L\u2019Artisan Culinaire et aux fournisseurs et sous-traitants de LIBRO \u00e0 des fins de traitement des r\u00e9servations et des relations clients. Je reconnais que mon utilisation du syst\u00e8me de r\u00e9servation de LIBRO est soumise aux\u00a0 https:\/\/librorez.com\/fr\/privacy-policy\/\u00a0\u00a0\u00bb<\/li><\/ul><ul><li>ou pour nos employ\u00e9s par leur consentement \u00e0 la collecte de renseignements personnels<\/li><li>ou directement aupr\u00e8s de nos fournisseurs<\/li><\/ul><p><b><br \/>Pourquoi recueillons-nous vos renseignements?<\/b><\/p><p>Pour vous faire profiter de nos produits et services, pour remplir notre r\u00f4le d\u2019employeur et d\u2019acheteur de produits et services.<\/p><p><b>Avec qui pouvons-nous partager vos renseignements?<\/b><\/p><p>Nous pouvons partager vos renseignements avec un nombre limit\u00e9 d\u2019organisations pour vous servir ou pour respecter nos obligations l\u00e9gales. Nous nous assurons que ces personnes et organisations respectent la confidentialit\u00e9 et la s\u00e9curit\u00e9 de vos renseignements.<\/p><h2>PROTECTION DES RENSEIGNEMENTS PERSONNELS<\/h2><p>Mme Christine Shallow, Administrateur, exerce la fonction de \u00ab\u00a0Responsable de la protection des renseignements personnels\u00a0\u00bb au sein de notre entreprise et s\u2019assure du respect des obligations en telle mati\u00e8re.<\/p><p>Pour toutes questions, obtenir de l\u2019information, corriger ou retirer votre consentement \u00e0 la communication ou \u00e0 l\u2019utilisation de vos renseignements personnels; elle peut \u00eatre contact\u00e9e aux coordonn\u00e9es suivantes\u00a0:<\/p><p>info@resto-seb.com<\/p><p>819-429-6991<\/p><p>444 rue St-Georges, Mont-Tremblant, Quebec, J8E3G4<\/p><p>* Nous prenons des mesures pour garantir que vos informations personnelles ne sont accessibles qu&#8217;aux employ\u00e9s qui sont li\u00e9s par une obligation de confidentialit\u00e9 et qui ont besoin de conna\u00eetre ou ont un besoin professionnel raisonnable de ces informations. Cependant, aucune transmission sur Internet ni aucun stockage \u00e9lectronique n\u2019est s\u00e9curis\u00e9 \u00e0 100 %.<\/p>\t\t\t\t\t\t\t\t<\/div>\n\t\t\t\t<\/div>\n\t\t\t\t\t<\/div>\n\t\t<\/div>\n\t\t\t\t\t<\/div>\n\t\t<\/section>\n\t\t\t\t<\/div>\n\t\t","protected":false},"excerpt":{"rendered":"<p>Politique de confidentialit\u00e9 Obtention de votre consentement Nous nous assurons d\u2019avoir votre consentement avant de recueillir vos renseignements personnels. Limitation de notre collecte Nous recueillons seulement les renseignements qui sont n\u00e9cessaires pour assurer un service \u00e0 nos clients, remplir nos obligations envers nos employ\u00e9s et nos fournisseurs, ex\u00a0: pour une r\u00e9servation, pr\u00e9nom, nom, # t\u00e9l\u00e9phone [&hellip;]<\/p>\n","protected":false},"author":1,"featured_media":0,"parent":0,"menu_order":0,"comment_status":"closed","ping_status":"closed","template":"","meta":{"footnotes":""},"class_list":["post-690","page","type-page","status-publish","hentry"],"yoast_head":"<!-- This site is optimized with the Yoast SEO plugin v26.2 - https:\/\/yoast.com\/wordpress\/plugins\/seo\/ -->\n<title>Privacy Policy - Seb Take Out<\/title>\n<meta name=\"robots\" content=\"noindex, follow, max-snippet:-1, max-image-preview:large, max-video-preview:-1\" \/>\n<meta property=\"og:locale\" content=\"en_US\" \/>\n<meta property=\"og:type\" content=\"article\" \/>\n<meta property=\"og:title\" content=\"Privacy Policy - Seb Take Out\" \/>\n<meta property=\"og:description\" content=\"Politique de confidentialit\u00e9 Obtention de votre consentement Nous nous assurons d\u2019avoir votre consentement avant de recueillir vos renseignements personnels. Limitation de notre collecte Nous recueillons seulement les renseignements qui sont n\u00e9cessaires pour assurer un service \u00e0 nos clients, remplir nos obligations envers nos employ\u00e9s et nos fournisseurs, ex\u00a0: pour une r\u00e9servation, pr\u00e9nom, nom, # t\u00e9l\u00e9phone [&hellip;]\" \/>\n<meta property=\"og:url\" content=\"https:\/\/sebtakeout.devrouge.com\/en\/privacy-policy\/\" \/>\n<meta property=\"og:site_name\" content=\"Seb Take Out\" \/>\n<meta property=\"article:modified_time\" content=\"2023-09-22T14:54:01+00:00\" \/>\n<meta property=\"og:image\" content=\"https:\/\/sebtakeout.devrouge.com\/wp-content\/uploads\/2021\/04\/hero-default.jpg\" \/>\n<meta name=\"twitter:card\" content=\"summary_large_image\" \/>\n<meta name=\"twitter:label1\" content=\"Est. reading time\" \/>\n\t<meta name=\"twitter:data1\" content=\"3 minutes\" \/>\n<script type=\"application\/ld+json\" class=\"yoast-schema-graph\">{\"@context\":\"https:\/\/schema.org\",\"@graph\":[{\"@type\":\"WebPage\",\"@id\":\"https:\/\/sebtakeout.devrouge.com\/en\/privacy-policy\/\",\"url\":\"https:\/\/sebtakeout.devrouge.com\/en\/privacy-policy\/\",\"name\":\"Privacy Policy - Seb Take Out\",\"isPartOf\":{\"@id\":\"https:\/\/sebtakeout.devrouge.com\/en\/#website\"},\"primaryImageOfPage\":{\"@id\":\"https:\/\/sebtakeout.devrouge.com\/en\/privacy-policy\/#primaryimage\"},\"image\":{\"@id\":\"https:\/\/sebtakeout.devrouge.com\/en\/privacy-policy\/#primaryimage\"},\"thumbnailUrl\":\"https:\/\/sebtakeout.devrouge.com\/wp-content\/uploads\/2021\/04\/hero-default.jpg\",\"datePublished\":\"2021-04-26T19:50:00+00:00\",\"dateModified\":\"2023-09-22T14:54:01+00:00\",\"breadcrumb\":{\"@id\":\"https:\/\/sebtakeout.devrouge.com\/en\/privacy-policy\/#breadcrumb\"},\"inLanguage\":\"en-US\",\"potentialAction\":[{\"@type\":\"ReadAction\",\"target\":[\"https:\/\/sebtakeout.devrouge.com\/en\/privacy-policy\/\"]}]},{\"@type\":\"ImageObject\",\"inLanguage\":\"en-US\",\"@id\":\"https:\/\/sebtakeout.devrouge.com\/en\/privacy-policy\/#primaryimage\",\"url\":\"https:\/\/sebtakeout.devrouge.com\/wp-content\/uploads\/2021\/04\/hero-default.jpg\",\"contentUrl\":\"https:\/\/sebtakeout.devrouge.com\/wp-content\/uploads\/2021\/04\/hero-default.jpg\"},{\"@type\":\"BreadcrumbList\",\"@id\":\"https:\/\/sebtakeout.devrouge.com\/en\/privacy-policy\/#breadcrumb\",\"itemListElement\":[{\"@type\":\"ListItem\",\"position\":1,\"name\":\"Accueil\",\"item\":\"https:\/\/sebtakeout.devrouge.com\/en\/\"},{\"@type\":\"ListItem\",\"position\":2,\"name\":\"Privacy Policy\"}]},{\"@type\":\"WebSite\",\"@id\":\"https:\/\/sebtakeout.devrouge.com\/en\/#website\",\"url\":\"https:\/\/sebtakeout.devrouge.com\/en\/\",\"name\":\"Seb Take Out\",\"description\":\"Commandes et livraisons\",\"potentialAction\":[{\"@type\":\"SearchAction\",\"target\":{\"@type\":\"EntryPoint\",\"urlTemplate\":\"https:\/\/sebtakeout.devrouge.com\/en\/?s={search_term_string}\"},\"query-input\":{\"@type\":\"PropertyValueSpecification\",\"valueRequired\":true,\"valueName\":\"search_term_string\"}}],\"inLanguage\":\"en-US\"}]}<\/script>\n<!-- \/ Yoast SEO plugin. -->","yoast_head_json":{"title":"Privacy Policy - Seb Take Out","robots":{"index":"noindex","follow":"follow","max-snippet":"max-snippet:-1","max-image-preview":"max-image-preview:large","max-video-preview":"max-video-preview:-1"},"og_locale":"en_US","og_type":"article","og_title":"Privacy Policy - Seb Take Out","og_description":"Politique de confidentialit\u00e9 Obtention de votre consentement Nous nous assurons d\u2019avoir votre consentement avant de recueillir vos renseignements personnels. Limitation de notre collecte Nous recueillons seulement les renseignements qui sont n\u00e9cessaires pour assurer un service \u00e0 nos clients, remplir nos obligations envers nos employ\u00e9s et nos fournisseurs, ex\u00a0: pour une r\u00e9servation, pr\u00e9nom, nom, # t\u00e9l\u00e9phone [&hellip;]","og_url":"https:\/\/sebtakeout.devrouge.com\/en\/privacy-policy\/","og_site_name":"Seb Take Out","article_modified_time":"2023-09-22T14:54:01+00:00","og_image":[{"url":"https:\/\/sebtakeout.devrouge.com\/wp-content\/uploads\/2021\/04\/hero-default.jpg","type":"","width":"","height":""}],"twitter_card":"summary_large_image","twitter_misc":{"Est. reading time":"3 minutes"},"schema":{"@context":"https:\/\/schema.org","@graph":[{"@type":"WebPage","@id":"https:\/\/sebtakeout.devrouge.com\/en\/privacy-policy\/","url":"https:\/\/sebtakeout.devrouge.com\/en\/privacy-policy\/","name":"Privacy Policy - Seb Take Out","isPartOf":{"@id":"https:\/\/sebtakeout.devrouge.com\/en\/#website"},"primaryImageOfPage":{"@id":"https:\/\/sebtakeout.devrouge.com\/en\/privacy-policy\/#primaryimage"},"image":{"@id":"https:\/\/sebtakeout.devrouge.com\/en\/privacy-policy\/#primaryimage"},"thumbnailUrl":"https:\/\/sebtakeout.devrouge.com\/wp-content\/uploads\/2021\/04\/hero-default.jpg","datePublished":"2021-04-26T19:50:00+00:00","dateModified":"2023-09-22T14:54:01+00:00","breadcrumb":{"@id":"https:\/\/sebtakeout.devrouge.com\/en\/privacy-policy\/#breadcrumb"},"inLanguage":"en-US","potentialAction":[{"@type":"ReadAction","target":["https:\/\/sebtakeout.devrouge.com\/en\/privacy-policy\/"]}]},{"@type":"ImageObject","inLanguage":"en-US","@id":"https:\/\/sebtakeout.devrouge.com\/en\/privacy-policy\/#primaryimage","url":"https:\/\/sebtakeout.devrouge.com\/wp-content\/uploads\/2021\/04\/hero-default.jpg","contentUrl":"https:\/\/sebtakeout.devrouge.com\/wp-content\/uploads\/2021\/04\/hero-default.jpg"},{"@type":"BreadcrumbList","@id":"https:\/\/sebtakeout.devrouge.com\/en\/privacy-policy\/#breadcrumb","itemListElement":[{"@type":"ListItem","position":1,"name":"Accueil","item":"https:\/\/sebtakeout.devrouge.com\/en\/"},{"@type":"ListItem","position":2,"name":"Privacy Policy"}]},{"@type":"WebSite","@id":"https:\/\/sebtakeout.devrouge.com\/en\/#website","url":"https:\/\/sebtakeout.devrouge.com\/en\/","name":"Seb Take Out","description":"Commandes et livraisons","potentialAction":[{"@type":"SearchAction","target":{"@type":"EntryPoint","urlTemplate":"https:\/\/sebtakeout.devrouge.com\/en\/?s={search_term_string}"},"query-input":{"@type":"PropertyValueSpecification","valueRequired":true,"valueName":"search_term_string"}}],"inLanguage":"en-US"}]}},"publishpress_future_action":{"enabled":false,"date":"2026-04-28 22:15:47","action":"change-status","newStatus":"draft","terms":[],"taxonomy":"translation_priority","extraData":[]},"publishpress_future_workflow_manual_trigger":{"enabledWorkflows":[]},"_links":{"self":[{"href":"https:\/\/sebtakeout.devrouge.com\/en\/wp-json\/wp\/v2\/pages\/690","targetHints":{"allow":["GET"]}}],"collection":[{"href":"https:\/\/sebtakeout.devrouge.com\/en\/wp-json\/wp\/v2\/pages"}],"about":[{"href":"https:\/\/sebtakeout.devrouge.com\/en\/wp-json\/wp\/v2\/types\/page"}],"author":[{"embeddable":true,"href":"https:\/\/sebtakeout.devrouge.com\/en\/wp-json\/wp\/v2\/users\/1"}],"replies":[{"embeddable":true,"href":"https:\/\/sebtakeout.devrouge.com\/en\/wp-json\/wp\/v2\/comments?post=690"}],"version-history":[{"count":4,"href":"https:\/\/sebtakeout.devrouge.com\/en\/wp-json\/wp\/v2\/pages\/690\/revisions"}],"predecessor-version":[{"id":3758,"href":"https:\/\/sebtakeout.devrouge.com\/en\/wp-json\/wp\/v2\/pages\/690\/revisions\/3758"}],"wp:attachment":[{"href":"https:\/\/sebtakeout.devrouge.com\/en\/wp-json\/wp\/v2\/media?parent=690"}],"curies":[{"name":"wp","href":"https:\/\/api.w.org\/{rel}","templated":true}]}}